{"id":25226,"date":"2024-08-11T21:47:28","date_gmt":"2024-08-11T19:47:28","guid":{"rendered":"https:\/\/munchausen.fr\/propositions\/AMRS\/?page_id=25226"},"modified":"2024-09-05T22:06:56","modified_gmt":"2024-09-05T20:06:56","slug":"galerie","status":"publish","type":"page","link":"https:\/\/munchausen.fr\/propositions\/AMRS\/galerie\/","title":{"rendered":"Galerie"},"content":{"rendered":"\t\t<div data-elementor-type=\"wp-page\" data-elementor-id=\"25226\" class=\"elementor elementor-25226\">\n\t\t\t\t\t\t\t\t\t<section class=\"elementor-section elementor-top-section elementor-element elementor-element-025c1d1 elementor-section-boxed elementor-section-height-default elementor-section-height-default\" data-id=\"025c1d1\" data-element_type=\"section\" data-settings=\"{&quot;_ha_eqh_enable&quot;:false}\">\n\t\t\t\t\t\t<div class=\"elementor-container elementor-column-gap-no\">\n\t\t\t\t\t<div class=\"elementor-column elementor-col-100 elementor-top-column elementor-element elementor-element-3c4c263\" data-id=\"3c4c263\" data-element_type=\"column\">\n\t\t\t<div class=\"elementor-widget-wrap elementor-element-populated\">\n\t\t\t\t\t\t\t\t<div class=\"elementor-element elementor-element-e6436db elementor-widget__width-auto elementor-widget elementor-widget-heading\" data-id=\"e6436db\" data-element_type=\"widget\" data-widget_type=\"heading.default\">\n\t\t\t\t<div class=\"elementor-widget-container\">\n\t\t\t<style>\/*! elementor - v3.16.0 - 13-09-2023 *\/\n.elementor-heading-title{padding:0;margin:0;line-height:1}.elementor-widget-heading .elementor-heading-title[class*=elementor-size-]>a{color:inherit;font-size:inherit;line-height:inherit}.elementor-widget-heading .elementor-heading-title.elementor-size-small{font-size:15px}.elementor-widget-heading .elementor-heading-title.elementor-size-medium{font-size:19px}.elementor-widget-heading .elementor-heading-title.elementor-size-large{font-size:29px}.elementor-widget-heading .elementor-heading-title.elementor-size-xl{font-size:39px}.elementor-widget-heading .elementor-heading-title.elementor-size-xxl{font-size:59px}<\/style><h1 class=\"elementor-heading-title elementor-size-default\">Galerie photos &amp; m\u00e9dias<\/h1>\t\t<\/div>\n\t\t\t\t<\/div>\n\t\t\t\t<div class=\"elementor-element elementor-element-0e24e8e elementor-widget elementor-widget-text-editor\" data-id=\"0e24e8e\" data-element_type=\"widget\" data-widget_type=\"text-editor.default\">\n\t\t\t\t<div class=\"elementor-widget-container\">\n\t\t\t<style>\/*! elementor - v3.16.0 - 13-09-2023 *\/\n.elementor-widget-text-editor.elementor-drop-cap-view-stacked .elementor-drop-cap{background-color:#69727d;color:#fff}.elementor-widget-text-editor.elementor-drop-cap-view-framed .elementor-drop-cap{color:#69727d;border:3px solid;background-color:transparent}.elementor-widget-text-editor:not(.elementor-drop-cap-view-default) .elementor-drop-cap{margin-top:8px}.elementor-widget-text-editor:not(.elementor-drop-cap-view-default) .elementor-drop-cap-letter{width:1em;height:1em}.elementor-widget-text-editor .elementor-drop-cap{float:left;text-align:center;line-height:1;font-size:50px}.elementor-widget-text-editor .elementor-drop-cap-letter{display:inline-block}<\/style>\t\t\t\t<p>Vous trouverez sur cette page, l&#8217;ensemble des photos et m\u00e9dias partag\u00e9s par les membres de l&#8217;AMRS.<\/p>\t\t\t\t\t\t<\/div>\n\t\t\t\t<\/div>\n\t\t\t\t\t<\/div>\n\t\t<\/div>\n\t\t\t\t\t\t\t<\/div>\n\t\t<\/section>\n\t\t\t\t<section class=\"elementor-section elementor-top-section elementor-element elementor-element-e036a67 elementor-section-boxed elementor-section-height-default elementor-section-height-default\" data-id=\"e036a67\" data-element_type=\"section\" data-settings=\"{&quot;_ha_eqh_enable&quot;:false}\">\n\t\t\t\t\t\t<div class=\"elementor-container elementor-column-gap-default\">\n\t\t\t\t\t<div class=\"elementor-column elementor-col-50 elementor-top-column elementor-element elementor-element-aca7d8f\" data-id=\"aca7d8f\" data-element_type=\"column\">\n\t\t\t<div class=\"elementor-widget-wrap elementor-element-populated\">\n\t\t\t\t\t\t\t\t<div data-ha-element-link=\"{&quot;url&quot;:&quot;https:\\\/\\\/munchausen.fr\\\/propositions\\\/AMRS\\\/galerie-2024\\\/&quot;,&quot;is_external&quot;:&quot;&quot;,&quot;nofollow&quot;:&quot;&quot;}\" style=\"cursor: pointer\" class=\"elementor-element elementor-element-a1429b3 ha-css-transform-yes ha-card--top ha-card--tablet-top ha-card--mobile-top elementor-widget elementor-widget-ha-card happy-addon ha-card\" data-id=\"a1429b3\" data-element_type=\"widget\" data-widget_type=\"ha-card.default\">\n\t\t\t\t<div class=\"elementor-widget-container\">\n\t\t\t\n\t\t\t\t\t<figure class=\"ha-card-figure\">\n\t\t\t\t<img loading=\"lazy\" decoding=\"async\" width=\"1024\" height=\"683\" src=\"https:\/\/munchausen.fr\/propositions\/AMRS\/wp-content\/uploads\/2024\/08\/WhatsApp-Image-2024-05-26-a-08.03.54_fa2b13ab-1024x683.jpg\" class=\"attachment-large size-large wp-image-25232\" alt=\"\" srcset=\"https:\/\/munchausen.fr\/propositions\/AMRS\/wp-content\/uploads\/2024\/08\/WhatsApp-Image-2024-05-26-a-08.03.54_fa2b13ab-1024x683.jpg 1024w, https:\/\/munchausen.fr\/propositions\/AMRS\/wp-content\/uploads\/2024\/08\/WhatsApp-Image-2024-05-26-a-08.03.54_fa2b13ab-300x200.jpg 300w, https:\/\/munchausen.fr\/propositions\/AMRS\/wp-content\/uploads\/2024\/08\/WhatsApp-Image-2024-05-26-a-08.03.54_fa2b13ab-768x512.jpg 768w, https:\/\/munchausen.fr\/propositions\/AMRS\/wp-content\/uploads\/2024\/08\/WhatsApp-Image-2024-05-26-a-08.03.54_fa2b13ab-1536x1024.jpg 1536w, https:\/\/munchausen.fr\/propositions\/AMRS\/wp-content\/uploads\/2024\/08\/WhatsApp-Image-2024-05-26-a-08.03.54_fa2b13ab.jpg 1599w\" sizes=\"auto, (max-width: 1024px) 100vw, 1024px\" \/>\t\t\t\t\t\t\t<\/figure>\n\t\t\n\t\t<div class=\"ha-card-body\">\n\n\t\t\t<h2 class=\"ha-card-title\">Ann\u00e9e 2024<\/h2>\n\t\t\t\t\t\t\t<div class=\"ha-card-text\">\n\t\t\t\t\t<p>Nos m\u00e9dias &amp; photos pour l'ann\u00e9e 2024<\/p>\n\t\t\t\t<\/div>\n\t\t\t\n\t\t\t\t\t<\/div>\n\t\t\t\t<\/div>\n\t\t\t\t<\/div>\n\t\t\t\t\t<\/div>\n\t\t<\/div>\n\t\t\t\t<div class=\"elementor-column elementor-col-50 elementor-top-column elementor-element elementor-element-01601a4\" data-id=\"01601a4\" data-element_type=\"column\">\n\t\t\t<div class=\"elementor-widget-wrap elementor-element-populated\">\n\t\t\t\t\t\t\t\t<div class=\"elementor-element elementor-element-6acaa9a ha-css-transform-yes ha-card--top ha-card--tablet-top ha-card--mobile-top elementor-widget elementor-widget-ha-card happy-addon ha-card\" data-id=\"6acaa9a\" data-element_type=\"widget\" data-widget_type=\"ha-card.default\">\n\t\t\t\t<div class=\"elementor-widget-container\">\n\t\t\t\n\t\t\t\t\t<figure class=\"ha-card-figure\">\n\t\t\t\t<img loading=\"lazy\" decoding=\"async\" width=\"1024\" height=\"683\" src=\"https:\/\/munchausen.fr\/propositions\/AMRS\/wp-content\/uploads\/2024\/08\/WhatsApp-Image-2024-05-26-a-08.03.54_fa2b13ab-1024x683.jpg\" class=\"attachment-large size-large wp-image-25232\" alt=\"\" srcset=\"https:\/\/munchausen.fr\/propositions\/AMRS\/wp-content\/uploads\/2024\/08\/WhatsApp-Image-2024-05-26-a-08.03.54_fa2b13ab-1024x683.jpg 1024w, https:\/\/munchausen.fr\/propositions\/AMRS\/wp-content\/uploads\/2024\/08\/WhatsApp-Image-2024-05-26-a-08.03.54_fa2b13ab-300x200.jpg 300w, https:\/\/munchausen.fr\/propositions\/AMRS\/wp-content\/uploads\/2024\/08\/WhatsApp-Image-2024-05-26-a-08.03.54_fa2b13ab-768x512.jpg 768w, https:\/\/munchausen.fr\/propositions\/AMRS\/wp-content\/uploads\/2024\/08\/WhatsApp-Image-2024-05-26-a-08.03.54_fa2b13ab-1536x1024.jpg 1536w, https:\/\/munchausen.fr\/propositions\/AMRS\/wp-content\/uploads\/2024\/08\/WhatsApp-Image-2024-05-26-a-08.03.54_fa2b13ab.jpg 1599w\" sizes=\"auto, (max-width: 1024px) 100vw, 1024px\" \/>\t\t\t\t\t\t\t<\/figure>\n\t\t\n\t\t<div class=\"ha-card-body\">\n\n\t\t\t<h2 class=\"ha-card-title\">Ann\u00e9e 2023<\/h2>\n\t\t\t\t\t\t\t<div class=\"ha-card-text\">\n\t\t\t\t\t<p>Nos m\u00e9dias &amp; photos pour l'ann\u00e9e 2023<\/p>\n\t\t\t\t<\/div>\n\t\t\t\n\t\t\t\t\t<\/div>\n\t\t\t\t<\/div>\n\t\t\t\t<\/div>\n\t\t\t\t\t<\/div>\n\t\t<\/div>\n\t\t\t\t\t\t\t<\/div>\n\t\t<\/section>\n\t\t\t\t\t\t\t<\/div>\n\t\t","protected":false},"excerpt":{"rendered":"<p>Galerie photos &amp; m\u00e9dias Vous trouverez sur cette page, l&#8217;ensemble des photos et m\u00e9dias partag\u00e9s par les membres de l&#8217;AMRS. Ann\u00e9e 2024 Nos m\u00e9dias &amp; photos pour l&#8217;ann\u00e9e 2024 Ann\u00e9e &hellip;<\/p>\n<p class=\"read-more\"> <a class=\"\" href=\"https:\/\/munchausen.fr\/propositions\/AMRS\/galerie\/\"> <span class=\"screen-reader-text\">Galerie<\/span> Lire la suite\u00a0\u00bb<\/a><\/p>\n","protected":false},"author":1,"featured_media":0,"parent":0,"menu_order":0,"comment_status":"closed","ping_status":"closed","template":"","meta":{"site-sidebar-layout":"no-sidebar","site-content-layout":"page-builder","ast-site-content-layout":"","site-content-style":"default","site-sidebar-style":"default","ast-global-header-display":"","ast-banner-title-visibility":"","ast-main-header-display":"","ast-hfb-above-header-display":"","ast-hfb-below-header-display":"","ast-hfb-mobile-header-display":"","site-post-title":"disabled","ast-breadcrumbs-content":"","ast-featured-img":"disabled","footer-sml-layout":"","theme-transparent-header-meta":"default","adv-header-id-meta":"","stick-header-meta":"","header-above-stick-meta":"","header-main-stick-meta":"","header-below-stick-meta":"","astra-migrate-meta-layouts":"","footnotes":""},"class_list":["post-25226","page","type-page","status-publish","hentry"],"_links":{"self":[{"href":"https:\/\/munchausen.fr\/propositions\/AMRS\/wp-json\/wp\/v2\/pages\/25226","targetHints":{"allow":["GET"]}}],"collection":[{"href":"https:\/\/munchausen.fr\/propositions\/AMRS\/wp-json\/wp\/v2\/pages"}],"about":[{"href":"https:\/\/munchausen.fr\/propositions\/AMRS\/wp-json\/wp\/v2\/types\/page"}],"author":[{"embeddable":true,"href":"https:\/\/munchausen.fr\/propositions\/AMRS\/wp-json\/wp\/v2\/users\/1"}],"replies":[{"embeddable":true,"href":"https:\/\/munchausen.fr\/propositions\/AMRS\/wp-json\/wp\/v2\/comments?post=25226"}],"version-history":[{"count":25,"href":"https:\/\/munchausen.fr\/propositions\/AMRS\/wp-json\/wp\/v2\/pages\/25226\/revisions"}],"predecessor-version":[{"id":25479,"href":"https:\/\/munchausen.fr\/propositions\/AMRS\/wp-json\/wp\/v2\/pages\/25226\/revisions\/25479"}],"wp:attachment":[{"href":"https:\/\/munchausen.fr\/propositions\/AMRS\/wp-json\/wp\/v2\/media?parent=25226"}],"curies":[{"name":"wp","href":"https:\/\/api.w.org\/{rel}","templated":true}]}}