{"id":24998,"date":"2024-06-24T01:42:36","date_gmt":"2024-06-23T23:42:36","guid":{"rendered":"https:\/\/munchausen.fr\/propositions\/AMRS\/?page_id=24998"},"modified":"2024-08-10T15:34:27","modified_gmt":"2024-08-10T13:34:27","slug":"actu","status":"publish","type":"page","link":"https:\/\/munchausen.fr\/propositions\/AMRS\/actu\/","title":{"rendered":"Actualit\u00e9s"},"content":{"rendered":"\t\t<div data-elementor-type=\"wp-page\" data-elementor-id=\"24998\" class=\"elementor elementor-24998\">\n\t\t\t\t\t\t\t\t\t<section class=\"elementor-section elementor-top-section elementor-element elementor-element-025c1d1 elementor-section-boxed elementor-section-height-default elementor-section-height-default\" data-id=\"025c1d1\" data-element_type=\"section\" data-settings=\"{&quot;_ha_eqh_enable&quot;:false}\">\n\t\t\t\t\t\t<div class=\"elementor-container elementor-column-gap-no\">\n\t\t\t\t\t<div class=\"elementor-column elementor-col-100 elementor-top-column elementor-element elementor-element-3c4c263\" data-id=\"3c4c263\" data-element_type=\"column\">\n\t\t\t<div class=\"elementor-widget-wrap elementor-element-populated\">\n\t\t\t\t\t\t\t\t<div class=\"elementor-element elementor-element-e6436db elementor-widget__width-auto elementor-widget elementor-widget-heading\" data-id=\"e6436db\" data-element_type=\"widget\" data-widget_type=\"heading.default\">\n\t\t\t\t<div class=\"elementor-widget-container\">\n\t\t\t<style>\/*! elementor - v3.16.0 - 13-09-2023 *\/\n.elementor-heading-title{padding:0;margin:0;line-height:1}.elementor-widget-heading .elementor-heading-title[class*=elementor-size-]>a{color:inherit;font-size:inherit;line-height:inherit}.elementor-widget-heading .elementor-heading-title.elementor-size-small{font-size:15px}.elementor-widget-heading .elementor-heading-title.elementor-size-medium{font-size:19px}.elementor-widget-heading .elementor-heading-title.elementor-size-large{font-size:29px}.elementor-widget-heading .elementor-heading-title.elementor-size-xl{font-size:39px}.elementor-widget-heading .elementor-heading-title.elementor-size-xxl{font-size:59px}<\/style><h1 class=\"elementor-heading-title elementor-size-default\">Actualit\u00e9s<\/h1>\t\t<\/div>\n\t\t\t\t<\/div>\n\t\t\t\t<div class=\"elementor-element elementor-element-0e24e8e elementor-widget elementor-widget-text-editor\" data-id=\"0e24e8e\" data-element_type=\"widget\" data-widget_type=\"text-editor.default\">\n\t\t\t\t<div class=\"elementor-widget-container\">\n\t\t\t<style>\/*! elementor - v3.16.0 - 13-09-2023 *\/\n.elementor-widget-text-editor.elementor-drop-cap-view-stacked .elementor-drop-cap{background-color:#69727d;color:#fff}.elementor-widget-text-editor.elementor-drop-cap-view-framed .elementor-drop-cap{color:#69727d;border:3px solid;background-color:transparent}.elementor-widget-text-editor:not(.elementor-drop-cap-view-default) .elementor-drop-cap{margin-top:8px}.elementor-widget-text-editor:not(.elementor-drop-cap-view-default) .elementor-drop-cap-letter{width:1em;height:1em}.elementor-widget-text-editor .elementor-drop-cap{float:left;text-align:center;line-height:1;font-size:50px}.elementor-widget-text-editor .elementor-drop-cap-letter{display:inline-block}<\/style>\t\t\t\t<p>Vous retrouverez sur cette page le calendrier des \u00e9v\u00e8nements \u00e0 venir organis\u00e9 ou li\u00e9s aux activit\u00e9s de l&#8217;AMRS.<\/p>\t\t\t\t\t\t<\/div>\n\t\t\t\t<\/div>\n\t\t\t\t\t<\/div>\n\t\t<\/div>\n\t\t\t\t\t\t\t<\/div>\n\t\t<\/section>\n\t\t\t\t<section class=\"elementor-section elementor-top-section elementor-element elementor-element-110c075 elementor-section-boxed elementor-section-height-default elementor-section-height-default\" data-id=\"110c075\" data-element_type=\"section\" data-settings=\"{&quot;_ha_eqh_enable&quot;:false}\">\n\t\t\t\t\t\t<div class=\"elementor-container elementor-column-gap-default\">\n\t\t\t\t\t<div class=\"elementor-column elementor-col-100 elementor-top-column elementor-element elementor-element-c6fa8df\" data-id=\"c6fa8df\" data-element_type=\"column\">\n\t\t\t<div class=\"elementor-widget-wrap elementor-element-populated\">\n\t\t\t\t\t\t\t\t<div class=\"elementor-element elementor-element-f6f4956 elementor-widget elementor-widget-ha-event-calendar happy-addon ha-event-calendar\" data-id=\"f6f4956\" data-element_type=\"widget\" data-widget_type=\"ha-event-calendar.default\">\n\t\t\t\t<div class=\"elementor-widget-container\">\n\t\t\t\t\t\t<div class=\"ha-ec-wrapper\">\n\t\t\t\t<script> window['HaECjsonf6f4956'] = [{\"id\":\"1\",\"title\":\"TAN 2024\",\"description\":\"\",\"start\":\"2024-09-07\",\"end\":\"2024-09-07\",\"url\":\"https:\\\/\\\/munchausen.fr\\\/propositions\\\/AMRS\\\/event\\\/tan-2024\\\/\",\"allDay\":\"yes\",\"external\":\"on\",\"nofollow\":\"on\",\"guest\":\"Gilles Sinicco\",\"location\":\"\",\"image\":\"\"},{\"id\":\"2\",\"title\":\"Ouverture de la chasse en battue en Moselle\",\"description\":\"\",\"start\":\"2024-10-12\",\"end\":\"2024-10-12\",\"url\":\"https:\\\/\\\/munchausen.fr\\\/propositions\\\/AMRS\\\/event\\\/ouverture-de-la-chasse-en-battue-en-moselle\\\/\",\"allDay\":\"yes\",\"external\":\"on\",\"nofollow\":\"on\",\"guest\":\"\",\"location\":\"Moselle\",\"image\":\"\"},{\"id\":\"3\",\"title\":\"Exposition troph\\u00e9e de cerf\",\"description\":\"\",\"start\":\"2025-03-22\",\"end\":\"2025-03-23\",\"url\":\"https:\\\/\\\/munchausen.fr\\\/propositions\\\/AMRS\\\/event\\\/exposition-trophee-de-cerf\\\/\",\"allDay\":\"yes\",\"external\":\"on\",\"nofollow\":\"on\",\"guest\":\"\",\"location\":\"Baerenthal\",\"image\":\"\"},{\"id\":\"4\",\"title\":\"AnschusSeminar\",\"description\":\"\",\"start\":\"2025-03-29\",\"end\":\"2025-03-29\",\"url\":\"https:\\\/\\\/munchausen.fr\\\/propositions\\\/AMRS\\\/event\\\/anschusseminar\\\/\",\"allDay\":\"yes\",\"external\":\"on\",\"nofollow\":\"on\",\"guest\":\"\",\"location\":\"Morhange\",\"image\":\"\"},{\"id\":\"5\",\"title\":\"\\u00c9preuve Multirace\",\"description\":\"\",\"start\":\"2025-05-03\",\"end\":\"2025-05-03\",\"url\":\"https:\\\/\\\/munchausen.fr\\\/propositions\\\/AMRS\\\/event\\\/epreuve-multirace\\\/\",\"allDay\":\"yes\",\"external\":\"on\",\"nofollow\":\"on\",\"guest\":\"Renaud Guisepin\",\"location\":\"\",\"image\":\"\"},{\"id\":\"6\",\"title\":\"Ouverture de la chasse du brocard\",\"description\":\"\",\"start\":\"2025-05-15\",\"end\":\"2025-05-15\",\"url\":\"https:\\\/\\\/munchausen.fr\\\/propositions\\\/AMRS\\\/event\\\/ouverture-de-la-chasse-du-brocard\\\/\",\"allDay\":\"yes\",\"external\":\"on\",\"nofollow\":\"on\",\"guest\":\"\",\"location\":\"\",\"image\":\"\"},{\"id\":\"7\",\"title\":\"Assembl\\u00e9e G\\u00e9n\\u00e9rale\",\"description\":\"\",\"start\":\"2025-05-17\",\"end\":\"2025-05-17\",\"url\":\"https:\\\/\\\/munchausen.fr\\\/propositions\\\/AMRS\\\/event\\\/assemblee-generale\\\/\",\"allDay\":\"yes\",\"external\":\"on\",\"nofollow\":\"on\",\"guest\":\"\",\"location\":\"Morhange\",\"image\":\"\"},{\"id\":\"8\",\"title\":\"Stage conducteur jour 1\",\"description\":\"\",\"start\":\"2025-06-14\",\"end\":\"2025-06-14\",\"url\":\"https:\\\/\\\/munchausen.fr\\\/propositions\\\/AMRS\\\/event\\\/stage-conducteur-jour-1\\\/\",\"allDay\":\"yes\",\"external\":\"on\",\"nofollow\":\"on\",\"guest\":\"\",\"location\":\"\",\"image\":\"\"},{\"id\":\"9\",\"title\":\"Stage conducteur jour 2\",\"description\":\"\",\"start\":\"2025-06-28\",\"end\":\"2025-06-28\",\"url\":\"https:\\\/\\\/munchausen.fr\\\/propositions\\\/AMRS\\\/event\\\/stage-conducteur-jour-2\\\/\",\"allDay\":\"yes\",\"external\":\"on\",\"nofollow\":\"on\",\"guest\":\"\",\"location\":\"\",\"image\":\"\"},{\"id\":\"10\",\"title\":\"Ouverture de la chasse du Cerf male\",\"description\":\"\",\"start\":\"2025-08-01\",\"end\":\"2025-08-01\",\"url\":\"https:\\\/\\\/munchausen.fr\\\/propositions\\\/AMRS\\\/event\\\/ouverture-de-la-chasse-du-cerf-male\\\/\",\"allDay\":\"yes\",\"external\":\"on\",\"nofollow\":\"on\",\"guest\":\"\",\"location\":\"\",\"image\":\"\"},{\"id\":\"11\",\"title\":\"Ouverture g\\u00e9n\\u00e9rale de la chasse\",\"description\":\"\",\"start\":\"2025-08-23\",\"end\":\"2025-08-23\",\"url\":\"https:\\\/\\\/munchausen.fr\\\/propositions\\\/AMRS\\\/event\\\/ouverture-generale-de-la-chasse\\\/\",\"allDay\":\"yes\",\"external\":\"on\",\"nofollow\":\"on\",\"guest\":\"\",\"location\":\"\",\"image\":\"\"},{\"id\":\"12\",\"title\":\"Ouverture de la chasse en battue en Moselle\",\"description\":\"\",\"start\":\"2025-10-11\",\"end\":\"2025-10-11\",\"url\":\"https:\\\/\\\/munchausen.fr\\\/propositions\\\/AMRS\\\/event\\\/ouverture-de-la-chasse-en-battue-en-moselle-2\\\/\",\"allDay\":\"yes\",\"external\":\"on\",\"nofollow\":\"on\",\"guest\":\"\",\"location\":\"Moselle\",\"image\":\"\"}]; <\/script>\n\t\t\t\t<div id=\"ha-ec-f6f4956\" class=\"ha-ec\" data-cal-id=\"f6f4956\" data-locale=\"fr\" data-initialview=\"dayGridMonth\" data-firstday=\"1\" data-show-popup=\"yes\" data-allday-text=\"Toute la journ\u00e9e\"><\/div>\n\t\t\t<\/div>\n\n\t\t\t\t\t\t\t\t\t\t\t\t\t\t\t\t\t\t\t\t\t\t\t\t\t\t\t<div class=\"ha-ec-popup-wrapper\">\n\t\t\t\t\t<div class=\"ha-ec-popup\">\n\n\t\t\t\t\t\t<span class=\"ha-ec-popup-close\"><i class=\"eicon-editor-close\"><\/i><\/span>\n\t\t\t\t\t\t<div class=\"ha-ec-popup-body-wrap\">\n\t\t\t\t\t\t<div class=\"ha-ec-popup-body\">\n\t\t\t\t\t\t\t<div class=\"ha-ec-popup-image\">\n\t\t\t\t\t\t\t\t<img decoding=\"async\" src=\"\" alt=\"\">\n\t\t\t\t\t\t\t<\/div>\n\t\t\t\t\t\t\t<div class=\"ha-ec-popup-content\">\n\t\t\t\t\t\t\t\t<ul>\n\t\t\t\t\t\t\t\t\t<li class=\"ha-ec-event-time-wrap\">\n\t\t\t\t\t\t\t\t\t\t<div class=\"ha-ec-time-icon\"><svg xmlns=\"http:\/\/www.w3.org\/2000\/svg\" height=\"512pt\" viewBox=\"0 0 512 512\" width=\"512pt\"><path d=\"m256 0c-141.164062 0-256 114.835938-256 256s114.835938 256 256 256 256-114.835938 256-256-114.835938-256-256-256zm121.75 388.414062c-4.160156 4.160157-9.621094 6.253907-15.082031 6.253907-5.460938 0-10.925781-2.09375-15.082031-6.253907l-106.667969-106.664062c-4.011719-3.988281-6.25-9.410156-6.25-15.082031v-138.667969c0-11.796875 9.554687-21.332031 21.332031-21.332031s21.332031 9.535156 21.332031 21.332031v129.835938l100.417969 100.414062c8.339844 8.34375 8.339844 21.824219 0 30.164062zm0 0\"\/><\/svg><\/div>\n\t\t\t\t\t\t\t\t\t\t<div class=\"ha-ec-time-content\">\n\t\t\t\t\t\t\t\t\t\t\t<span class=\"ha-ec-time-title\"><\/span>\n\t\t\t\t\t\t\t\t\t\t\t<span class=\"ha-ec-event-time\"><\/span>\n\t\t\t\t\t\t\t\t\t\t<\/div>\n\t\t\t\t\t\t\t\t\t<\/li>\n\t\t\t\t\t\t\t\t\t<li class=\"ha-ec-event-guest-wrap\">\n\t\t\t\t\t\t\t\t\t\t<div class=\"ha-ec-guest-icon\"><svg xmlns=\"http:\/\/www.w3.org\/2000\/svg\" viewBox=\"0 0 841.9 595.3\">\n\t\t\t\t<path d=\"M701.7,430.3c-5.1-8.3-14-13.2-23.7-13.2h-20.1c-5.3,0-9.6-4.1-10-9.4c-3.8-58.2-40.7-69-77.7-79.8  c-33.5-9.8-54.5-29.6-65.9-62.4c-1.3-3.7-4.8-6.2-8.8-6.2h-12.9c-0.5-10.8,1-31.6,17.3-49.9c12.7,0.8,23-10.5,27.1-22.2  c1.4-3.2,13-30.5,3.9-51.4c19.2-52-6-76.3-17.5-84.3c-5.9-51.7-87.2-51.3-91-51.4c-38.1,1.5-66.6,14.8-84.8,39.7  c-24.6,33.5-22.6,78.6-19.5,97.7c-11,11.3-2.8,34.1,2.3,48.5c0.9,2.5,1.7,4.7,2.3,6.7c2.9,9.1,7.9,15.5,14.7,18.8  c4,2,7.8,2.4,11.1,2.5c5.3,7.1,16.1,24,18.6,45.4h-4.8c-4,0-7.5,2.5-8.8,6.2c-10.9,31.2-34,52.2-68.7,62.4l-4.7,1.4  c-35.9,10.4-76.5,22.4-76.5,87.8c0,0.1-8.5,0-9.4,0h-32c-9.7,0-18.6,4.9-23.7,13.2c-5.1,8.3-5.6,18.4-1.2,27.1l37.2,74.3  c4.8,9.5,14.3,15.4,24.9,15.4h75.2c0.1,0,0.1,0,0.2,0l16.7,43.1c1.9,4.8,7.2,7.2,12.1,5.3c4.8-1.9,7.2-7.2,5.3-12l-27.4-70.7  c-1.1-2.9-0.8-6,1-8.6c1.7-2.5,4.5-4,7.6-4h260c3.1,0,5.9,1.5,7.6,4c1.7,2.6,2.1,5.7,1,8.6l-27.4,70.7c-1.9,4.8,0.5,10.2,5.3,12  c1.1,0.4,2.2,0.6,3.4,0.6c3.7,0,7.3-2.3,8.7-5.9l16.7-43h75.4c10.6,0,20.2-5.9,24.9-15.4l37.1-74.3  C707.2,448.7,706.8,438.6,701.7,430.3z M686.2,449.1l-37.2,74.3c-1.6,3.1-4.8,5.1-8.3,5.1h-68.2l3.5-9c3.3-8.6,2.2-18.2-3-25.9  c-5.2-7.6-13.8-12.1-23-12.1h-260c-9.2,0-17.8,4.5-23,12.1c-5.2,7.6-6.3,17.3-3,25.9l3.5,9h-68.2c-3.5,0-6.7-2-8.3-5.1l-37.1-74.3  c-2.1-4.1-0.4-7.7,0.4-9c0.8-1.3,3.2-4.4,7.9-4.4h254.3v-33.4c0-4.3-3.5-7.8-7.8-7.8h0c-11,0-20-9-20-20v-3c0-2.8,2.2-5,5-5h21.2  c2.7,0,5.1-2,5.3-4.6c0.3-3.1-2.1-5.6-5.1-5.6h-21.2c-2.8,0-5.1-2.3-5.1-5.1v0c0-2.8,2.3-5.1,5.1-5.1h21c2.7,0,5.1-2,5.3-4.6  c0.3-3.1-2.1-5.6-5.1-5.6h-21.2c-2.8,0-5.1-2.3-5.1-5.1l0,0c0-2.8,2.3-5.1,5.1-5.1h21c2.7,0,5.1-2,5.3-4.6c0.3-3.1-2.1-5.6-5.1-5.6  h-21.4c-2.8,0-5-2.2-5-5v-4.4c0-11,9-20,20-20H443c11,0,20,9,20,20v68.8c0,11-9,20-20,20h-0.1c-4.3,0-7.8,3.5-7.8,7.8v33.4h242.8  c4.7,0,7.1,3.1,7.9,4.4C686.6,441.4,688.3,444.9,686.2,449.1z\"\/>\n\t\t\t\t<\/svg><\/div>\n\t\t\t\t\t\t\t\t\t\t<div class=\"ha-ec-guest-content\">\n\t\t\t\t\t\t\t\t\t\t\t<span class=\"ha-ec-guest-title\">Intervenant<\/span>\n\t\t\t\t\t\t\t\t\t\t\t<span class=\"ha-ec-event-guest\"><\/span>\n\t\t\t\t\t\t\t\t\t\t<\/div>\n\t\t\t\t\t\t\t\t\t<\/li>\n\t\t\t\t\t\t\t\t\t<li class=\"ha-ec-event-location-wrap\">\n\t\t\t\t\t\t\t\t\t\t<div class=\"ha-ec-location-icon\"><svg xmlns=\"http:\/\/www.w3.org\/2000\/svg\" id=\"Layer_1\" enable-background=\"new 0 0 512 512\" height=\"512\" viewBox=\"0 0 512 512\" width=\"512\"><g><path d=\"m407.579 87.677c-31.073-53.624-86.265-86.385-147.64-87.637-2.62-.054-5.257-.054-7.878 0-61.374 1.252-116.566 34.013-147.64 87.637-31.762 54.812-32.631 120.652-2.325 176.123l126.963 232.387c.057.103.114.206.173.308 5.586 9.709 15.593 15.505 26.77 15.505 11.176 0 21.183-5.797 26.768-15.505.059-.102.116-.205.173-.308l126.963-232.387c30.304-55.471 29.435-121.311-2.327-176.123zm-151.579 144.323c-39.701 0-72-32.299-72-72s32.299-72 72-72 72 32.299 72 72-32.298 72-72 72z\"\/><\/g><\/svg><\/div>\n\t\t\t\t\t\t\t\t\t\t<div class=\"ha-ec-location-content\">\n\t\t\t\t\t\t\t\t\t\t\t<span class=\"ha-ec-location-title\">Addresse<\/span>\n\t\t\t\t\t\t\t\t\t\t\t<span class=\"ha-ec-event-location\"><\/span>\n\t\t\t\t\t\t\t\t\t\t<\/div>\n\t\t\t\t\t\t\t\t\t<\/li>\n\t\t\t\t\t\t\t\t<\/ul>\n\t\t\t\t\t\t\t\t<h3 class=\"ha-ec-event-title\"><\/h3>\n\t\t\t\t\t\t\t\t<p class=\"ha-ec-popup-desc\"><\/p>\n\t\t\t\t\t\t\t\t<div class=\"ha-ec-popup-readmore\">\n\t\t\t\t\t\t\t\t\t<a class=\"ha-ec-popup-readmore-link\" href=\"\">En savoir plus<\/a>\n\t\t\t\t\t\t\t\t<\/div>\n\t\t\t\t\t\t\t<\/div>\n\t\t\t\t\t\t<\/div>\n\t\t\t\t\t\t<\/div>\n\n\t\t\t\t\t<\/div>\n\t\t\t\t<\/div>\t\t<\/div>\n\t\t\t\t<\/div>\n\t\t\t\t\t<\/div>\n\t\t<\/div>\n\t\t\t\t\t\t\t<\/div>\n\t\t<\/section>\n\t\t\t\t<section class=\"elementor-section elementor-top-section elementor-element elementor-element-7ffb487 elementor-section-boxed elementor-section-height-default elementor-section-height-default\" data-id=\"7ffb487\" data-element_type=\"section\" data-settings=\"{&quot;_ha_eqh_enable&quot;:false}\">\n\t\t\t\t\t\t<div class=\"elementor-container elementor-column-gap-default\">\n\t\t\t\t\t<div class=\"elementor-column elementor-col-100 elementor-top-column elementor-element elementor-element-a92469e\" data-id=\"a92469e\" data-element_type=\"column\">\n\t\t\t<div class=\"elementor-widget-wrap elementor-element-populated\">\n\t\t\t\t\t\t\t\t<div class=\"elementor-element elementor-element-f40f0e4 elementor-widget elementor-widget-heading\" data-id=\"f40f0e4\" data-element_type=\"widget\" data-widget_type=\"heading.default\">\n\t\t\t\t<div class=\"elementor-widget-container\">\n\t\t\t<h3 class=\"elementor-heading-title elementor-size-default\">\u00c9v\u00e8nements pass\u00e9s<\/h3>\t\t<\/div>\n\t\t\t\t<\/div>\n\t\t\t\t\t<\/div>\n\t\t<\/div>\n\t\t\t\t\t\t\t<\/div>\n\t\t<\/section>\n\t\t\t\t<section class=\"elementor-section elementor-top-section elementor-element elementor-element-26f2ef5 elementor-section-boxed elementor-section-height-default elementor-section-height-default\" data-id=\"26f2ef5\" data-element_type=\"section\" data-settings=\"{&quot;_ha_eqh_enable&quot;:false}\">\n\t\t\t\t\t\t<div class=\"elementor-container elementor-column-gap-default\">\n\t\t\t\t\t<div class=\"elementor-column elementor-col-33 elementor-top-column elementor-element elementor-element-0d6127b\" data-id=\"0d6127b\" data-element_type=\"column\">\n\t\t\t<div class=\"elementor-widget-wrap elementor-element-populated\">\n\t\t\t\t\t\t\t\t<div class=\"elementor-element elementor-element-2825ed8 elementor-widget elementor-widget-text-editor\" data-id=\"2825ed8\" data-element_type=\"widget\" data-widget_type=\"text-editor.default\">\n\t\t\t\t<div class=\"elementor-widget-container\">\n\t\t\t\t\t\t\t<p style=\"text-align: center;\"><strong>8 juin &amp; 22 juin &#8211; Morhange<\/strong><\/p><p style=\"text-align: center;\">Stage conducteur<\/p>\t\t\t\t\t\t<\/div>\n\t\t\t\t<\/div>\n\t\t\t\t\t<\/div>\n\t\t<\/div>\n\t\t\t\t<div class=\"elementor-column elementor-col-33 elementor-top-column elementor-element elementor-element-2f80127\" data-id=\"2f80127\" data-element_type=\"column\">\n\t\t\t<div class=\"elementor-widget-wrap elementor-element-populated\">\n\t\t\t\t\t\t\t\t<div class=\"elementor-element elementor-element-5eaa141 elementor-widget elementor-widget-text-editor\" data-id=\"5eaa141\" data-element_type=\"widget\" data-widget_type=\"text-editor.default\">\n\t\t\t\t<div class=\"elementor-widget-container\">\n\t\t\t\t\t\t\t<p style=\"text-align: center;\"><strong>25 mai 2024 &#8211; Morhange<\/strong><\/p><p style=\"text-align: center;\">AnschussSeminar<\/p>\t\t\t\t\t\t<\/div>\n\t\t\t\t<\/div>\n\t\t\t\t\t<\/div>\n\t\t<\/div>\n\t\t\t\t<div class=\"elementor-column elementor-col-33 elementor-top-column elementor-element elementor-element-3088142\" data-id=\"3088142\" data-element_type=\"column\">\n\t\t\t<div class=\"elementor-widget-wrap elementor-element-populated\">\n\t\t\t\t\t\t\t\t<div class=\"elementor-element elementor-element-fc98f80 elementor-widget elementor-widget-text-editor\" data-id=\"fc98f80\" data-element_type=\"widget\" data-widget_type=\"text-editor.default\">\n\t\t\t\t<div class=\"elementor-widget-container\">\n\t\t\t\t\t\t\t<p style=\"text-align: center;\"><strong>13 avril 2024 &#8211; Morhange<\/strong><\/p><p style=\"text-align: center;\">Assembl\u00e9e G\u00e9n\u00e9rale<\/p>\t\t\t\t\t\t<\/div>\n\t\t\t\t<\/div>\n\t\t\t\t\t<\/div>\n\t\t<\/div>\n\t\t\t\t\t\t\t<\/div>\n\t\t<\/section>\n\t\t\t\t<section class=\"elementor-section elementor-top-section elementor-element elementor-element-c019a3a elementor-section-boxed elementor-section-height-default elementor-section-height-default\" data-id=\"c019a3a\" data-element_type=\"section\" data-settings=\"{&quot;_ha_eqh_enable&quot;:false}\">\n\t\t\t\t\t\t<div class=\"elementor-container elementor-column-gap-default\">\n\t\t\t\t\t<div class=\"elementor-column elementor-col-100 elementor-top-column elementor-element elementor-element-2fa571a\" data-id=\"2fa571a\" data-element_type=\"column\">\n\t\t\t<div class=\"elementor-widget-wrap elementor-element-populated\">\n\t\t\t\t\t\t\t\t<div class=\"elementor-element elementor-element-c687ea0 elementor-widget elementor-widget-text-editor\" data-id=\"c687ea0\" data-element_type=\"widget\" data-widget_type=\"text-editor.default\">\n\t\t\t\t<div class=\"elementor-widget-container\">\n\t\t\t\t\t\t\t<p style=\"text-align: center;\"><strong>16 et 17 Mars &#8211; Dabo<\/strong><\/p><p style=\"text-align: center;\">Exposition des troph\u00e9e de Cerf<\/p>\t\t\t\t\t\t<\/div>\n\t\t\t\t<\/div>\n\t\t\t\t\t<\/div>\n\t\t<\/div>\n\t\t\t\t\t\t\t<\/div>\n\t\t<\/section>\n\t\t\t\t\t\t\t<\/div>\n\t\t","protected":false},"excerpt":{"rendered":"<p>Actualit\u00e9s Vous retrouverez sur cette page le calendrier des \u00e9v\u00e8nements \u00e0 venir organis\u00e9 ou li\u00e9s aux activit\u00e9s de l&#8217;AMRS. Intervenant Addresse En savoir plus \u00c9v\u00e8nements pass\u00e9s 8 juin &amp; 22 &hellip;<\/p>\n<p class=\"read-more\"> <a class=\"\" href=\"https:\/\/munchausen.fr\/propositions\/AMRS\/actu\/\"> <span class=\"screen-reader-text\">Actualit\u00e9s<\/span> Lire la suite\u00a0\u00bb<\/a><\/p>\n","protected":false},"author":1,"featured_media":0,"parent":0,"menu_order":0,"comment_status":"closed","ping_status":"closed","template":"","meta":{"site-sidebar-layout":"no-sidebar","site-content-layout":"page-builder","ast-site-content-layout":"","site-content-style":"default","site-sidebar-style":"default","ast-global-header-display":"","ast-banner-title-visibility":"","ast-main-header-display":"","ast-hfb-above-header-display":"","ast-hfb-below-header-display":"","ast-hfb-mobile-header-display":"","site-post-title":"disabled","ast-breadcrumbs-content":"","ast-featured-img":"disabled","footer-sml-layout":"","theme-transparent-header-meta":"default","adv-header-id-meta":"","stick-header-meta":"","header-above-stick-meta":"","header-main-stick-meta":"","header-below-stick-meta":"","astra-migrate-meta-layouts":"","footnotes":""},"class_list":["post-24998","page","type-page","status-publish","hentry"],"_links":{"self":[{"href":"https:\/\/munchausen.fr\/propositions\/AMRS\/wp-json\/wp\/v2\/pages\/24998","targetHints":{"allow":["GET"]}}],"collection":[{"href":"https:\/\/munchausen.fr\/propositions\/AMRS\/wp-json\/wp\/v2\/pages"}],"about":[{"href":"https:\/\/munchausen.fr\/propositions\/AMRS\/wp-json\/wp\/v2\/types\/page"}],"author":[{"embeddable":true,"href":"https:\/\/munchausen.fr\/propositions\/AMRS\/wp-json\/wp\/v2\/users\/1"}],"replies":[{"embeddable":true,"href":"https:\/\/munchausen.fr\/propositions\/AMRS\/wp-json\/wp\/v2\/comments?post=24998"}],"version-history":[{"count":23,"href":"https:\/\/munchausen.fr\/propositions\/AMRS\/wp-json\/wp\/v2\/pages\/24998\/revisions"}],"predecessor-version":[{"id":25172,"href":"https:\/\/munchausen.fr\/propositions\/AMRS\/wp-json\/wp\/v2\/pages\/24998\/revisions\/25172"}],"wp:attachment":[{"href":"https:\/\/munchausen.fr\/propositions\/AMRS\/wp-json\/wp\/v2\/media?parent=24998"}],"curies":[{"name":"wp","href":"https:\/\/api.w.org\/{rel}","templated":true}]}}