{"id":24736,"date":"2024-06-17T16:28:40","date_gmt":"2024-06-17T14:28:40","guid":{"rendered":"https:\/\/munchausen.fr\/propositions\/AMRS\/?page_id=24736"},"modified":"2024-09-04T20:43:04","modified_gmt":"2024-09-04T18:43:04","slug":"statistiques","status":"publish","type":"page","link":"https:\/\/munchausen.fr\/propositions\/AMRS\/statistiques\/","title":{"rendered":"Statistiques"},"content":{"rendered":"\t\t<div data-elementor-type=\"wp-page\" data-elementor-id=\"24736\" class=\"elementor elementor-24736\">\n\t\t\t\t\t\t\t\t\t<section class=\"elementor-section elementor-top-section elementor-element elementor-element-025c1d1 elementor-section-boxed elementor-section-height-default elementor-section-height-default\" data-id=\"025c1d1\" data-element_type=\"section\" data-settings=\"{&quot;_ha_eqh_enable&quot;:false}\">\n\t\t\t\t\t\t<div class=\"elementor-container elementor-column-gap-no\">\n\t\t\t\t\t<div class=\"elementor-column elementor-col-100 elementor-top-column elementor-element elementor-element-3c4c263\" data-id=\"3c4c263\" data-element_type=\"column\">\n\t\t\t<div class=\"elementor-widget-wrap elementor-element-populated\">\n\t\t\t\t\t\t\t\t<div class=\"elementor-element elementor-element-e6436db elementor-widget__width-auto elementor-widget elementor-widget-heading\" data-id=\"e6436db\" data-element_type=\"widget\" data-widget_type=\"heading.default\">\n\t\t\t\t<div class=\"elementor-widget-container\">\n\t\t\t<style>\/*! elementor - v3.16.0 - 13-09-2023 *\/\n.elementor-heading-title{padding:0;margin:0;line-height:1}.elementor-widget-heading .elementor-heading-title[class*=elementor-size-]>a{color:inherit;font-size:inherit;line-height:inherit}.elementor-widget-heading .elementor-heading-title.elementor-size-small{font-size:15px}.elementor-widget-heading .elementor-heading-title.elementor-size-medium{font-size:19px}.elementor-widget-heading .elementor-heading-title.elementor-size-large{font-size:29px}.elementor-widget-heading .elementor-heading-title.elementor-size-xl{font-size:39px}.elementor-widget-heading .elementor-heading-title.elementor-size-xxl{font-size:59px}<\/style><h1 class=\"elementor-heading-title elementor-size-default\">Statistiques<\/h1>\t\t<\/div>\n\t\t\t\t<\/div>\n\t\t\t\t<div class=\"elementor-element elementor-element-0e24e8e elementor-widget elementor-widget-text-editor\" data-id=\"0e24e8e\" data-element_type=\"widget\" data-widget_type=\"text-editor.default\">\n\t\t\t\t<div class=\"elementor-widget-container\">\n\t\t\t<style>\/*! elementor - v3.16.0 - 13-09-2023 *\/\n.elementor-widget-text-editor.elementor-drop-cap-view-stacked .elementor-drop-cap{background-color:#69727d;color:#fff}.elementor-widget-text-editor.elementor-drop-cap-view-framed .elementor-drop-cap{color:#69727d;border:3px solid;background-color:transparent}.elementor-widget-text-editor:not(.elementor-drop-cap-view-default) .elementor-drop-cap{margin-top:8px}.elementor-widget-text-editor:not(.elementor-drop-cap-view-default) .elementor-drop-cap-letter{width:1em;height:1em}.elementor-widget-text-editor .elementor-drop-cap{float:left;text-align:center;line-height:1;font-size:50px}.elementor-widget-text-editor .elementor-drop-cap-letter{display:inline-block}<\/style>\t\t\t\t<p>Vous trouverez sur cette page les statistiques d\u00e9taill\u00e9es du travail effectu\u00e9 par l&#8217;AMRS.<\/p>\t\t\t\t\t\t<\/div>\n\t\t\t\t<\/div>\n\t\t\t\t\t<\/div>\n\t\t<\/div>\n\t\t\t\t\t\t\t<\/div>\n\t\t<\/section>\n\t\t\t\t<section class=\"elementor-section elementor-top-section elementor-element elementor-element-475f4b1 elementor-section-boxed elementor-section-height-default elementor-section-height-default\" data-id=\"475f4b1\" data-element_type=\"section\" data-settings=\"{&quot;_ha_eqh_enable&quot;:false}\">\n\t\t\t\t\t\t<div class=\"elementor-container elementor-column-gap-default\">\n\t\t\t\t\t<div class=\"elementor-column elementor-col-100 elementor-top-column elementor-element elementor-element-258231d\" data-id=\"258231d\" data-element_type=\"column\">\n\t\t\t<div class=\"elementor-widget-wrap elementor-element-populated\">\n\t\t\t\t\t\t\t\t<div class=\"elementor-element elementor-element-1401102 elementor-widget elementor-widget-heading\" data-id=\"1401102\" data-element_type=\"widget\" data-widget_type=\"heading.default\">\n\t\t\t\t<div class=\"elementor-widget-container\">\n\t\t\t<h3 class=\"elementor-heading-title elementor-size-default\">Pour la saison 2023-2024<\/h3>\t\t<\/div>\n\t\t\t\t<\/div>\n\t\t\t\t<section class=\"elementor-section elementor-inner-section elementor-element elementor-element-429b67d elementor-section-boxed elementor-section-height-default elementor-section-height-default\" data-id=\"429b67d\" data-element_type=\"section\" data-settings=\"{&quot;_ha_eqh_enable&quot;:false}\">\n\t\t\t\t\t\t<div class=\"elementor-container elementor-column-gap-default\">\n\t\t\t\t\t<div class=\"elementor-column elementor-col-100 elementor-inner-column elementor-element elementor-element-91ba171\" data-id=\"91ba171\" data-element_type=\"column\">\n\t\t\t<div class=\"elementor-widget-wrap elementor-element-populated\">\n\t\t\t\t\t\t\t\t<div class=\"elementor-element elementor-element-652a3e8 elementor-widget elementor-widget-text-editor\" data-id=\"652a3e8\" data-element_type=\"widget\" data-widget_type=\"text-editor.default\">\n\t\t\t\t<div class=\"elementor-widget-container\">\n\t\t\t\t\t\t\t<p>Voici les r\u00e9sultats des recherches men\u00e9es pour la saison 2023-2024 par les membres de l&#8217;AMRS.<\/p>\t\t\t\t\t\t<\/div>\n\t\t\t\t<\/div>\n\t\t\t\t<div class=\"elementor-element elementor-element-25b03da elementor-widget elementor-widget-wpdatacharts\" data-id=\"25b03da\" data-element_type=\"widget\" data-widget_type=\"wpdatacharts.default\">\n\t\t\t\t<div class=\"elementor-widget-container\">\n\t\t\tThere was an issue displaying the chart. Please edit the chart in the admin area for more details.\t\t<\/div>\n\t\t\t\t<\/div>\n\t\t\t\t<section class=\"elementor-section elementor-inner-section elementor-element elementor-element-c12980a elementor-section-boxed elementor-section-height-default elementor-section-height-default\" data-id=\"c12980a\" data-element_type=\"section\" data-settings=\"{&quot;_ha_eqh_enable&quot;:false}\">\n\t\t\t\t\t\t<div class=\"elementor-container elementor-column-gap-default\">\n\t\t\t\t\t<div class=\"elementor-column elementor-col-50 elementor-inner-column elementor-element elementor-element-8ee48ad\" data-id=\"8ee48ad\" data-element_type=\"column\">\n\t\t\t<div class=\"elementor-widget-wrap elementor-element-populated\">\n\t\t\t\t\t\t\t\t<div class=\"elementor-element elementor-element-8bfc40e elementor-widget elementor-widget-wpdatacharts\" data-id=\"8bfc40e\" data-element_type=\"widget\" data-widget_type=\"wpdatacharts.default\">\n\t\t\t\t<div class=\"elementor-widget-container\">\n\t\t\tThere was an issue displaying the chart. Please edit the chart in the admin area for more details.\t\t<\/div>\n\t\t\t\t<\/div>\n\t\t\t\t\t<\/div>\n\t\t<\/div>\n\t\t\t\t<div class=\"elementor-column elementor-col-50 elementor-inner-column elementor-element elementor-element-4985396\" data-id=\"4985396\" data-element_type=\"column\">\n\t\t\t<div class=\"elementor-widget-wrap elementor-element-populated\">\n\t\t\t\t\t\t\t\t<div class=\"elementor-element elementor-element-20c64ae elementor-widget elementor-widget-wpdatacharts\" data-id=\"20c64ae\" data-element_type=\"widget\" data-widget_type=\"wpdatacharts.default\">\n\t\t\t\t<div class=\"elementor-widget-container\">\n\t\t\tThere was an issue displaying the chart. Please edit the chart in the admin area for more details.\t\t<\/div>\n\t\t\t\t<\/div>\n\t\t\t\t\t<\/div>\n\t\t<\/div>\n\t\t\t\t\t\t\t<\/div>\n\t\t<\/section>\n\t\t\t\t<section class=\"elementor-section elementor-inner-section elementor-element elementor-element-776e2f6 elementor-section-boxed elementor-section-height-default elementor-section-height-default\" data-id=\"776e2f6\" data-element_type=\"section\" data-settings=\"{&quot;_ha_eqh_enable&quot;:false}\">\n\t\t\t\t\t\t<div class=\"elementor-container elementor-column-gap-default\">\n\t\t\t\t\t<div class=\"elementor-column elementor-col-50 elementor-inner-column elementor-element elementor-element-ce43f85\" data-id=\"ce43f85\" data-element_type=\"column\">\n\t\t\t<div class=\"elementor-widget-wrap elementor-element-populated\">\n\t\t\t\t\t\t\t\t<div class=\"elementor-element elementor-element-eeaca8a elementor-widget elementor-widget-wpdatacharts\" data-id=\"eeaca8a\" data-element_type=\"widget\" data-widget_type=\"wpdatacharts.default\">\n\t\t\t\t<div class=\"elementor-widget-container\">\n\t\t\tThere was an issue displaying the chart. Please edit the chart in the admin area for more details.\t\t<\/div>\n\t\t\t\t<\/div>\n\t\t\t\t\t<\/div>\n\t\t<\/div>\n\t\t\t\t<div class=\"elementor-column elementor-col-50 elementor-inner-column elementor-element elementor-element-b7fafb9\" data-id=\"b7fafb9\" data-element_type=\"column\">\n\t\t\t<div class=\"elementor-widget-wrap elementor-element-populated\">\n\t\t\t\t\t\t\t\t<div class=\"elementor-element elementor-element-48cfb7e elementor-widget elementor-widget-wpdatacharts\" data-id=\"48cfb7e\" data-element_type=\"widget\" data-widget_type=\"wpdatacharts.default\">\n\t\t\t\t<div class=\"elementor-widget-container\">\n\t\t\tThere was an issue displaying the chart. Please edit the chart in the admin area for more details.\t\t<\/div>\n\t\t\t\t<\/div>\n\t\t\t\t\t<\/div>\n\t\t<\/div>\n\t\t\t\t\t\t\t<\/div>\n\t\t<\/section>\n\t\t\t\t\t<\/div>\n\t\t<\/div>\n\t\t\t\t\t\t\t<\/div>\n\t\t<\/section>\n\t\t\t\t\t<\/div>\n\t\t<\/div>\n\t\t\t\t\t\t\t<\/div>\n\t\t<\/section>\n\t\t\t\t<section class=\"elementor-section elementor-top-section elementor-element elementor-element-e92ee00 elementor-section-boxed elementor-section-height-default elementor-section-height-default\" data-id=\"e92ee00\" data-element_type=\"section\" data-settings=\"{&quot;_ha_eqh_enable&quot;:false}\">\n\t\t\t\t\t\t<div class=\"elementor-container elementor-column-gap-default\">\n\t\t\t\t\t<div class=\"elementor-column elementor-col-100 elementor-top-column elementor-element elementor-element-0535ece\" data-id=\"0535ece\" data-element_type=\"column\">\n\t\t\t<div class=\"elementor-widget-wrap elementor-element-populated\">\n\t\t\t\t\t\t\t\t<div class=\"elementor-element elementor-element-84c6bad elementor-widget elementor-widget-heading\" data-id=\"84c6bad\" data-element_type=\"widget\" data-widget_type=\"heading.default\">\n\t\t\t\t<div class=\"elementor-widget-container\">\n\t\t\t<h3 class=\"elementor-heading-title elementor-size-default\">Pour la saison 2022-2023<\/h3>\t\t<\/div>\n\t\t\t\t<\/div>\n\t\t\t\t<section class=\"elementor-section elementor-inner-section elementor-element elementor-element-e9fd62d elementor-section-boxed elementor-section-height-default elementor-section-height-default\" data-id=\"e9fd62d\" data-element_type=\"section\" data-settings=\"{&quot;_ha_eqh_enable&quot;:false}\">\n\t\t\t\t\t\t<div class=\"elementor-container elementor-column-gap-default\">\n\t\t\t\t\t<div class=\"elementor-column elementor-col-100 elementor-inner-column elementor-element elementor-element-d4ef9f7\" data-id=\"d4ef9f7\" data-element_type=\"column\">\n\t\t\t<div class=\"elementor-widget-wrap elementor-element-populated\">\n\t\t\t\t\t\t\t\t<div class=\"elementor-element elementor-element-4841d2e elementor-widget elementor-widget-text-editor\" data-id=\"4841d2e\" data-element_type=\"widget\" data-widget_type=\"text-editor.default\">\n\t\t\t\t<div class=\"elementor-widget-container\">\n\t\t\t\t\t\t\t<p>Voici les r\u00e9sultats des recherches men\u00e9es pour la saison 2022-2023 par les membres de l&#8217;AMRS.<\/p>\t\t\t\t\t\t<\/div>\n\t\t\t\t<\/div>\n\t\t\t\t<div class=\"elementor-element elementor-element-cf874ea elementor-widget elementor-widget-wpdatacharts\" data-id=\"cf874ea\" data-element_type=\"widget\" data-widget_type=\"wpdatacharts.default\">\n\t\t\t\t<div class=\"elementor-widget-container\">\n\t\t\tThere was an issue displaying the chart. Please edit the chart in the admin area for more details.\t\t<\/div>\n\t\t\t\t<\/div>\n\t\t\t\t<section class=\"elementor-section elementor-inner-section elementor-element elementor-element-6b48edd elementor-section-boxed elementor-section-height-default elementor-section-height-default\" data-id=\"6b48edd\" data-element_type=\"section\" data-settings=\"{&quot;_ha_eqh_enable&quot;:false}\">\n\t\t\t\t\t\t<div class=\"elementor-container elementor-column-gap-default\">\n\t\t\t\t\t<div class=\"elementor-column elementor-col-50 elementor-inner-column elementor-element elementor-element-2b71131\" data-id=\"2b71131\" data-element_type=\"column\">\n\t\t\t<div class=\"elementor-widget-wrap elementor-element-populated\">\n\t\t\t\t\t\t\t\t<div class=\"elementor-element elementor-element-3f8958f elementor-widget elementor-widget-wpdatacharts\" data-id=\"3f8958f\" data-element_type=\"widget\" data-widget_type=\"wpdatacharts.default\">\n\t\t\t\t<div class=\"elementor-widget-container\">\n\t\t\tThere was an issue displaying the chart. Please edit the chart in the admin area for more details.\t\t<\/div>\n\t\t\t\t<\/div>\n\t\t\t\t\t<\/div>\n\t\t<\/div>\n\t\t\t\t<div class=\"elementor-column elementor-col-50 elementor-inner-column elementor-element elementor-element-303eaa4\" data-id=\"303eaa4\" data-element_type=\"column\">\n\t\t\t<div class=\"elementor-widget-wrap elementor-element-populated\">\n\t\t\t\t\t\t\t\t<div class=\"elementor-element elementor-element-c22bd59 elementor-widget elementor-widget-wpdatacharts\" data-id=\"c22bd59\" data-element_type=\"widget\" data-widget_type=\"wpdatacharts.default\">\n\t\t\t\t<div class=\"elementor-widget-container\">\n\t\t\tThere was an issue displaying the chart. Please edit the chart in the admin area for more details.\t\t<\/div>\n\t\t\t\t<\/div>\n\t\t\t\t\t<\/div>\n\t\t<\/div>\n\t\t\t\t\t\t\t<\/div>\n\t\t<\/section>\n\t\t\t\t<section class=\"elementor-section elementor-inner-section elementor-element elementor-element-58434d5 elementor-section-boxed elementor-section-height-default elementor-section-height-default\" data-id=\"58434d5\" data-element_type=\"section\" data-settings=\"{&quot;_ha_eqh_enable&quot;:false}\">\n\t\t\t\t\t\t<div class=\"elementor-container elementor-column-gap-default\">\n\t\t\t\t\t<div class=\"elementor-column elementor-col-50 elementor-inner-column elementor-element elementor-element-a713ac7\" data-id=\"a713ac7\" data-element_type=\"column\">\n\t\t\t<div class=\"elementor-widget-wrap elementor-element-populated\">\n\t\t\t\t\t\t\t\t<div class=\"elementor-element elementor-element-80a872f elementor-widget elementor-widget-wpdatacharts\" data-id=\"80a872f\" data-element_type=\"widget\" data-widget_type=\"wpdatacharts.default\">\n\t\t\t\t<div class=\"elementor-widget-container\">\n\t\t\tThere was an issue displaying the chart. Please edit the chart in the admin area for more details.\t\t<\/div>\n\t\t\t\t<\/div>\n\t\t\t\t\t<\/div>\n\t\t<\/div>\n\t\t\t\t<div class=\"elementor-column elementor-col-50 elementor-inner-column elementor-element elementor-element-4ecc48d\" data-id=\"4ecc48d\" data-element_type=\"column\">\n\t\t\t<div class=\"elementor-widget-wrap elementor-element-populated\">\n\t\t\t\t\t\t\t\t<div class=\"elementor-element elementor-element-a861bec elementor-widget elementor-widget-wpdatacharts\" data-id=\"a861bec\" data-element_type=\"widget\" data-widget_type=\"wpdatacharts.default\">\n\t\t\t\t<div class=\"elementor-widget-container\">\n\t\t\tThere was an issue displaying the chart. Please edit the chart in the admin area for more details.\t\t<\/div>\n\t\t\t\t<\/div>\n\t\t\t\t\t<\/div>\n\t\t<\/div>\n\t\t\t\t\t\t\t<\/div>\n\t\t<\/section>\n\t\t\t\t\t<\/div>\n\t\t<\/div>\n\t\t\t\t\t\t\t<\/div>\n\t\t<\/section>\n\t\t\t\t\t<\/div>\n\t\t<\/div>\n\t\t\t\t\t\t\t<\/div>\n\t\t<\/section>\n\t\t\t\t<section class=\"elementor-section elementor-top-section elementor-element elementor-element-82f1c71 elementor-section-boxed elementor-section-height-default elementor-section-height-default\" data-id=\"82f1c71\" data-element_type=\"section\" data-settings=\"{&quot;shape_divider_top&quot;:&quot;opacity-tilt&quot;,&quot;_ha_eqh_enable&quot;:false}\">\n\t\t\t\t\t<div class=\"elementor-shape elementor-shape-top\" data-negative=\"false\">\n\t\t\t<svg xmlns=\"http:\/\/www.w3.org\/2000\/svg\" viewBox=\"0 0 2600 131.1\" preserveAspectRatio=\"none\">\n\t<path class=\"elementor-shape-fill\" d=\"M0 0L2600 0 2600 69.1 0 0z\"\/>\n\t<path class=\"elementor-shape-fill\" style=\"opacity:0.5\" d=\"M0 0L2600 0 2600 69.1 0 69.1z\"\/>\n\t<path class=\"elementor-shape-fill\" style=\"opacity:0.25\" d=\"M2600 0L0 0 0 130.1 2600 69.1z\"\/>\n<\/svg>\t\t<\/div>\n\t\t\t\t\t<div class=\"elementor-container elementor-column-gap-default\">\n\t\t\t\t\t<div class=\"elementor-column elementor-col-100 elementor-top-column elementor-element elementor-element-38d5b96\" data-id=\"38d5b96\" data-element_type=\"column\">\n\t\t\t<div class=\"elementor-widget-wrap\">\n\t\t\t\t\t\t\t\t\t<\/div>\n\t\t<\/div>\n\t\t\t\t\t\t\t<\/div>\n\t\t<\/section>\n\t\t\t\t<section class=\"elementor-section elementor-top-section elementor-element elementor-element-5374cf5 elementor-section-boxed elementor-section-height-default elementor-section-height-default\" data-id=\"5374cf5\" data-element_type=\"section\" data-settings=\"{&quot;_ha_eqh_enable&quot;:false}\">\n\t\t\t\t\t\t<div class=\"elementor-container elementor-column-gap-default\">\n\t\t\t\t\t<div class=\"elementor-column elementor-col-100 elementor-top-column elementor-element elementor-element-2f29b1c\" data-id=\"2f29b1c\" data-element_type=\"column\">\n\t\t\t<div class=\"elementor-widget-wrap elementor-element-populated\">\n\t\t\t\t\t\t\t\t<div class=\"elementor-element elementor-element-56ef1a5 elementor-widget elementor-widget-heading\" data-id=\"56ef1a5\" data-element_type=\"widget\" data-widget_type=\"heading.default\">\n\t\t\t\t<div class=\"elementor-widget-container\">\n\t\t\t<h3 class=\"elementor-heading-title elementor-size-default\">\u00c9volution depuis la saison 2021-2022<\/h3>\t\t<\/div>\n\t\t\t\t<\/div>\n\t\t\t\t<section class=\"elementor-section elementor-inner-section elementor-element elementor-element-673417a elementor-section-boxed elementor-section-height-default elementor-section-height-default\" data-id=\"673417a\" data-element_type=\"section\" data-settings=\"{&quot;_ha_eqh_enable&quot;:false}\">\n\t\t\t\t\t\t<div class=\"elementor-container elementor-column-gap-default\">\n\t\t\t\t\t<div class=\"elementor-column elementor-col-100 elementor-inner-column elementor-element elementor-element-df46f3c\" data-id=\"df46f3c\" data-element_type=\"column\">\n\t\t\t<div class=\"elementor-widget-wrap elementor-element-populated\">\n\t\t\t\t\t\t\t\t<div class=\"elementor-element elementor-element-08351b6 elementor-widget elementor-widget-text-editor\" data-id=\"08351b6\" data-element_type=\"widget\" data-widget_type=\"text-editor.default\">\n\t\t\t\t<div class=\"elementor-widget-container\">\n\t\t\t\t\t\t\t<p>Voici l&#8217;\u00e9volution des r\u00e9sultats des recherches men\u00e9es depuis la saison 2021-2022 par les membres de l&#8217;AMRS.<\/p>\t\t\t\t\t\t<\/div>\n\t\t\t\t<\/div>\n\t\t\t\t\t<\/div>\n\t\t<\/div>\n\t\t\t\t\t\t\t<\/div>\n\t\t<\/section>\n\t\t\t\t<div class=\"elementor-element elementor-element-0fc397b elementor-widget elementor-widget-wpdatacharts\" data-id=\"0fc397b\" data-element_type=\"widget\" data-widget_type=\"wpdatacharts.default\">\n\t\t\t\t<div class=\"elementor-widget-container\">\n\t\t\tThere was an issue displaying the chart. Please edit the chart in the admin area for more details.\t\t<\/div>\n\t\t\t\t<\/div>\n\t\t\t\t<div class=\"elementor-element elementor-element-d5e92f4 elementor-widget elementor-widget-wpdatacharts\" data-id=\"d5e92f4\" data-element_type=\"widget\" data-widget_type=\"wpdatacharts.default\">\n\t\t\t\t<div class=\"elementor-widget-container\">\n\t\t\tThere was an issue displaying the chart. Please edit the chart in the admin area for more details.\t\t<\/div>\n\t\t\t\t<\/div>\n\t\t\t\t<div class=\"elementor-element elementor-element-2caae31 elementor-widget elementor-widget-wpdatacharts\" data-id=\"2caae31\" data-element_type=\"widget\" data-widget_type=\"wpdatacharts.default\">\n\t\t\t\t<div class=\"elementor-widget-container\">\n\t\t\tThere was an issue displaying the chart. Please edit the chart in the admin area for more details.\t\t<\/div>\n\t\t\t\t<\/div>\n\t\t\t\t<div class=\"elementor-element elementor-element-22c8a71 elementor-widget elementor-widget-wpdatacharts\" data-id=\"22c8a71\" data-element_type=\"widget\" data-widget_type=\"wpdatacharts.default\">\n\t\t\t\t<div class=\"elementor-widget-container\">\n\t\t\tThere was an issue displaying the chart. Please edit the chart in the admin area for more details.\t\t<\/div>\n\t\t\t\t<\/div>\n\t\t\t\t<div class=\"elementor-element elementor-element-6515aaf elementor-widget elementor-widget-wpdatacharts\" data-id=\"6515aaf\" data-element_type=\"widget\" data-widget_type=\"wpdatacharts.default\">\n\t\t\t\t<div class=\"elementor-widget-container\">\n\t\t\tThere was an issue displaying the chart. Please edit the chart in the admin area for more details.\t\t<\/div>\n\t\t\t\t<\/div>\n\t\t\t\t\t<\/div>\n\t\t<\/div>\n\t\t\t\t\t\t\t<\/div>\n\t\t<\/section>\n\t\t\t\t<section class=\"elementor-section elementor-top-section elementor-element elementor-element-4bd5769 elementor-section-boxed elementor-section-height-default elementor-section-height-default\" data-id=\"4bd5769\" data-element_type=\"section\" data-settings=\"{&quot;_ha_eqh_enable&quot;:false}\">\n\t\t\t\t\t\t<div class=\"elementor-container elementor-column-gap-default\">\n\t\t\t\t\t<div class=\"elementor-column elementor-col-100 elementor-top-column elementor-element elementor-element-ec0df31\" data-id=\"ec0df31\" data-element_type=\"column\">\n\t\t\t<div class=\"elementor-widget-wrap elementor-element-populated\">\n\t\t\t\t\t\t\t\t<div class=\"elementor-element elementor-element-a472541 elementor-widget elementor-widget-html\" data-id=\"a472541\" data-element_type=\"widget\" data-widget_type=\"html.default\">\n\t\t\t\t<div class=\"elementor-widget-container\">\n\t\t\t<script type=\"text\/javascript\">\r\njQuery(window).on('load',function(){\r\n    if( typeof wpDataChartsCallbacks == 'undefined' ){ wpDataChartsCallbacks = {}; }\r\n    wpDataChartsCallbacks[1] = function(obj){\r\n        obj.options.colors = [\r\n                     '#ECEC00',\r\n                     '#FB0000',\r\n                     '#8FCD4E'\r\n        ],\r\n     obj.options.pieSliceText = \"value-and-percentage\"\r\n    }\r\n    wpDataChartsCallbacks[11] = function(obj){\r\n        obj.options.colors = [\r\n                     '#ECEC00',\r\n                     '#FB0000',\r\n                     '#8FCD4E'\r\n        ],\r\n     obj.options.pieSliceText = \"value-and-percentage\"\r\n    }\r\n    wpDataChartsCallbacks[2] = function(obj){\r\n        obj.options.colors = [\r\n                     '#8FCD4E',\r\n                     '#FB0000'\r\n        ],\r\n     obj.options.pieSliceText = \"value-and-percentage\"\r\n    }\r\n    wpDataChartsCallbacks[12] = function(obj){\r\n        obj.options.colors = [\r\n                     '#8FCD4E',\r\n                     '#FB0000'\r\n        ],\r\n     obj.options.pieSliceText = \"value-and-percentage\"\r\n    }\r\n     wpDataChartsCallbacks[3] = function(obj){\r\n        obj.options.colors = [\r\n                     '#ECEC00',\r\n                     '#FBBD00',\r\n                     '#FB0000',\r\n                     '#8FCD4E'\r\n        ],\r\n     obj.options.pieSliceText = \"value-and-percentage\"\r\n    }\r\n    wpDataChartsCallbacks[13] = function(obj){\r\n        obj.options.colors = [\r\n                     '#ECEC00',\r\n                     '#FBBD00',\r\n                     '#FB0000',\r\n                     '#8FCD4E'\r\n        ],\r\n     obj.options.pieSliceText = \"value-and-percentage\"\r\n    }\r\n    wpDataChartsCallbacks[4] = function(obj){\r\n        obj.options.colors = [\r\n                     '#FB0000',\r\n                     '#8FCD4E',\r\n                     '#ECEC00'\r\n        ],\r\n     obj.options.pieSliceText = \"value-and-percentage\"\r\n    }\r\n    wpDataChartsCallbacks[14] = function(obj){\r\n        obj.options.colors = [\r\n                     '#FB0000',\r\n                     '#8FCD4E',\r\n                     '#ECEC00'\r\n        ],\r\n     obj.options.pieSliceText = \"value-and-percentage\"\r\n    }\r\n    wpDataChartsCallbacks[5] = function(obj){\r\n        obj.options.colors = [\r\n                     '#ECEC00',\r\n                     '#8FCD4E'\r\n        ],\r\n     obj.options.pieSliceText = \"value-and-percentage\"\r\n    }\r\n    wpDataChartsCallbacks[15] = function(obj){\r\n        obj.options.colors = [\r\n                     '#ECEC00',\r\n                     '#8FCD4E'\r\n        ],\r\n     obj.options.pieSliceText = \"value-and-percentage\"\r\n    }\r\n});\r\n<\/script>\t\t<\/div>\n\t\t\t\t<\/div>\n\t\t\t\t\t<\/div>\n\t\t<\/div>\n\t\t\t\t\t\t\t<\/div>\n\t\t<\/section>\n\t\t\t\t\t\t\t<\/div>\n\t\t","protected":false},"excerpt":{"rendered":"<p>Statistiques Vous trouverez sur cette page les statistiques d\u00e9taill\u00e9es du travail effectu\u00e9 par l&#8217;AMRS. Pour la saison 2023-2024 Voici les r\u00e9sultats des recherches men\u00e9es pour la saison 2023-2024 par les &hellip;<\/p>\n<p class=\"read-more\"> <a class=\"\" href=\"https:\/\/munchausen.fr\/propositions\/AMRS\/statistiques\/\"> <span class=\"screen-reader-text\">Statistiques<\/span> Lire la suite\u00a0\u00bb<\/a><\/p>\n","protected":false},"author":1,"featured_media":0,"parent":0,"menu_order":0,"comment_status":"closed","ping_status":"closed","template":"","meta":{"site-sidebar-layout":"no-sidebar","site-content-layout":"page-builder","ast-site-content-layout":"","site-content-style":"default","site-sidebar-style":"default","ast-global-header-display":"","ast-banner-title-visibility":"","ast-main-header-display":"","ast-hfb-above-header-display":"","ast-hfb-below-header-display":"","ast-hfb-mobile-header-display":"","site-post-title":"disabled","ast-breadcrumbs-content":"","ast-featured-img":"disabled","footer-sml-layout":"","theme-transparent-header-meta":"default","adv-header-id-meta":"","stick-header-meta":"","header-above-stick-meta":"","header-main-stick-meta":"","header-below-stick-meta":"","astra-migrate-meta-layouts":"","footnotes":""},"class_list":["post-24736","page","type-page","status-publish","hentry"],"_links":{"self":[{"href":"https:\/\/munchausen.fr\/propositions\/AMRS\/wp-json\/wp\/v2\/pages\/24736","targetHints":{"allow":["GET"]}}],"collection":[{"href":"https:\/\/munchausen.fr\/propositions\/AMRS\/wp-json\/wp\/v2\/pages"}],"about":[{"href":"https:\/\/munchausen.fr\/propositions\/AMRS\/wp-json\/wp\/v2\/types\/page"}],"author":[{"embeddable":true,"href":"https:\/\/munchausen.fr\/propositions\/AMRS\/wp-json\/wp\/v2\/users\/1"}],"replies":[{"embeddable":true,"href":"https:\/\/munchausen.fr\/propositions\/AMRS\/wp-json\/wp\/v2\/comments?post=24736"}],"version-history":[{"count":142,"href":"https:\/\/munchausen.fr\/propositions\/AMRS\/wp-json\/wp\/v2\/pages\/24736\/revisions"}],"predecessor-version":[{"id":25428,"href":"https:\/\/munchausen.fr\/propositions\/AMRS\/wp-json\/wp\/v2\/pages\/24736\/revisions\/25428"}],"wp:attachment":[{"href":"https:\/\/munchausen.fr\/propositions\/AMRS\/wp-json\/wp\/v2\/media?parent=24736"}],"curies":[{"name":"wp","href":"https:\/\/api.w.org\/{rel}","templated":true}]}}