{"id":24254,"date":"2020-10-08T07:43:07","date_gmt":"2020-10-08T05:43:07","guid":{"rendered":"https:\/\/munchausen.fr\/propositions\/AMRS\/all-courses\/"},"modified":"2024-09-05T22:57:29","modified_gmt":"2024-09-05T20:57:29","slug":"presentation","status":"publish","type":"page","link":"https:\/\/munchausen.fr\/propositions\/AMRS\/presentation\/","title":{"rendered":"Pr\u00e9sentation"},"content":{"rendered":"\t\t<div data-elementor-type=\"wp-page\" data-elementor-id=\"24254\" class=\"elementor elementor-24254\">\n\t\t\t\t\t\t\t\t\t<section class=\"elementor-section elementor-top-section elementor-element elementor-element-025c1d1 elementor-section-boxed elementor-section-height-default elementor-section-height-default\" data-id=\"025c1d1\" data-element_type=\"section\" data-settings=\"{&quot;_ha_eqh_enable&quot;:false}\">\n\t\t\t\t\t\t<div class=\"elementor-container elementor-column-gap-no\">\n\t\t\t\t\t<div class=\"elementor-column elementor-col-100 elementor-top-column elementor-element elementor-element-3c4c263\" data-id=\"3c4c263\" data-element_type=\"column\">\n\t\t\t<div class=\"elementor-widget-wrap elementor-element-populated\">\n\t\t\t\t\t\t\t\t<div class=\"elementor-element elementor-element-e6436db elementor-widget__width-auto elementor-widget elementor-widget-heading\" data-id=\"e6436db\" data-element_type=\"widget\" data-widget_type=\"heading.default\">\n\t\t\t\t<div class=\"elementor-widget-container\">\n\t\t\t<style>\/*! elementor - v3.16.0 - 13-09-2023 *\/\n.elementor-heading-title{padding:0;margin:0;line-height:1}.elementor-widget-heading .elementor-heading-title[class*=elementor-size-]>a{color:inherit;font-size:inherit;line-height:inherit}.elementor-widget-heading .elementor-heading-title.elementor-size-small{font-size:15px}.elementor-widget-heading .elementor-heading-title.elementor-size-medium{font-size:19px}.elementor-widget-heading .elementor-heading-title.elementor-size-large{font-size:29px}.elementor-widget-heading .elementor-heading-title.elementor-size-xl{font-size:39px}.elementor-widget-heading .elementor-heading-title.elementor-size-xxl{font-size:59px}<\/style><h1 class=\"elementor-heading-title elementor-size-default\">Pr\u00e9sentation<\/h1>\t\t<\/div>\n\t\t\t\t<\/div>\n\t\t\t\t<div class=\"elementor-element elementor-element-0e24e8e elementor-widget elementor-widget-text-editor\" data-id=\"0e24e8e\" data-element_type=\"widget\" data-widget_type=\"text-editor.default\">\n\t\t\t\t<div class=\"elementor-widget-container\">\n\t\t\t<style>\/*! elementor - v3.16.0 - 13-09-2023 *\/\n.elementor-widget-text-editor.elementor-drop-cap-view-stacked .elementor-drop-cap{background-color:#69727d;color:#fff}.elementor-widget-text-editor.elementor-drop-cap-view-framed .elementor-drop-cap{color:#69727d;border:3px solid;background-color:transparent}.elementor-widget-text-editor:not(.elementor-drop-cap-view-default) .elementor-drop-cap{margin-top:8px}.elementor-widget-text-editor:not(.elementor-drop-cap-view-default) .elementor-drop-cap-letter{width:1em;height:1em}.elementor-widget-text-editor .elementor-drop-cap{float:left;text-align:center;line-height:1;font-size:50px}.elementor-widget-text-editor .elementor-drop-cap-letter{display:inline-block}<\/style>\t\t\t\t<p>Cr\u00e9\u00e9e en 2009, l&#8217;Association Mosellane de Recherche au Sang (inscrite au T.G.I. de Metz, le 09\/01\/2009) est une association de type 1908 (droit local) dont le but premier est de rechercher les gibiers bless\u00e9s afin d&#8217;abr\u00e9ger leurs souffrances.<\/p><p>D\u00e8s sa cr\u00e9ation, l&#8217;AMRS a \u00e9t\u00e9 reconnue par les instances d\u00e9partementales et nationales, ce qui lui conf\u00e8re un statut particulier. Elle est compos\u00e9e de nombreux conducteurs agr\u00e9\u00e9s, r\u00e9partis sur l&#8217;ensemble du d\u00e9partement, qui interviennent b\u00e9n\u00e9volement avec leurs auxiliaires canins au b\u00e9n\u00e9fice des chasseurs de la Moselle. Sur demande, ils interviennent \u00e9galement dans les d\u00e9partements limitrophes.<\/p><p>Le bilan des recherches pour des saisons de chasse, traduit \u00e0 lui seul l&#8217;utilit\u00e9 de son action.<\/p>\t\t\t\t\t\t<\/div>\n\t\t\t\t<\/div>\n\t\t\t\t\t<\/div>\n\t\t<\/div>\n\t\t\t\t\t\t\t<\/div>\n\t\t<\/section>\n\t\t\t\t<section class=\"elementor-section elementor-top-section elementor-element elementor-element-5a86f30 elementor-section-boxed elementor-section-height-default elementor-section-height-default\" data-id=\"5a86f30\" data-element_type=\"section\" data-settings=\"{&quot;_ha_eqh_enable&quot;:false}\">\n\t\t\t\t\t\t<div class=\"elementor-container elementor-column-gap-default\">\n\t\t\t\t\t<div class=\"elementor-column elementor-col-100 elementor-top-column elementor-element elementor-element-f8d2051\" data-id=\"f8d2051\" data-element_type=\"column\">\n\t\t\t<div class=\"elementor-widget-wrap elementor-element-populated\">\n\t\t\t\t\t\t\t\t<div class=\"elementor-element elementor-element-d4cf029 elementor-widget elementor-widget-video\" data-id=\"d4cf029\" data-element_type=\"widget\" data-settings=\"{&quot;video_type&quot;:&quot;hosted&quot;,&quot;controls&quot;:&quot;yes&quot;}\" data-widget_type=\"video.default\">\n\t\t\t\t<div class=\"elementor-widget-container\">\n\t\t\t<style>\/*! elementor - v3.16.0 - 13-09-2023 *\/\n.elementor-widget-video .elementor-widget-container{overflow:hidden;transform:translateZ(0)}.elementor-widget-video .elementor-wrapper{aspect-ratio:var(--video-aspect-ratio)}.elementor-widget-video .elementor-wrapper iframe,.elementor-widget-video .elementor-wrapper video{height:100%;width:100%;display:flex;border:none;background-color:#000}@supports not (aspect-ratio:1\/1){.elementor-widget-video .elementor-wrapper{position:relative;overflow:hidden;height:0;padding-bottom:calc(100% \/ var(--video-aspect-ratio))}.elementor-widget-video .elementor-wrapper iframe,.elementor-widget-video .elementor-wrapper video{position:absolute;top:0;right:0;bottom:0;left:0}}.elementor-widget-video .elementor-open-inline .elementor-custom-embed-image-overlay{position:absolute;top:0;right:0;bottom:0;left:0;background-size:cover;background-position:50%}.elementor-widget-video .elementor-custom-embed-image-overlay{cursor:pointer;text-align:center}.elementor-widget-video .elementor-custom-embed-image-overlay:hover .elementor-custom-embed-play i{opacity:1}.elementor-widget-video .elementor-custom-embed-image-overlay img{display:block;width:100%;aspect-ratio:var(--video-aspect-ratio);-o-object-fit:cover;object-fit:cover;-o-object-position:center center;object-position:center center}@supports not (aspect-ratio:1\/1){.elementor-widget-video .elementor-custom-embed-image-overlay{position:relative;overflow:hidden;height:0;padding-bottom:calc(100% \/ var(--video-aspect-ratio))}.elementor-widget-video .elementor-custom-embed-image-overlay img{position:absolute;top:0;right:0;bottom:0;left:0}}.elementor-widget-video .e-hosted-video .elementor-video{-o-object-fit:cover;object-fit:cover}.e-con-inner>.elementor-widget-video,.e-con>.elementor-widget-video{width:var(--container-widget-width);--flex-grow:var(--container-widget-flex-grow)}<\/style>\t\t<div class=\"e-hosted-video elementor-wrapper elementor-open-inline\">\n\t\t\t\t\t<video class=\"elementor-video\" src=\"https:\/\/munchausen.fr\/propositions\/AMRS\/wp-content\/uploads\/2024\/06\/Amrs480x270.mp4\" controls=\"\" preload=\"metadata\" controlsList=\"nodownload\"><\/video>\n\t\t\t\t<\/div>\n\t\t\t\t<\/div>\n\t\t\t\t<\/div>\n\t\t\t\t\t<\/div>\n\t\t<\/div>\n\t\t\t\t\t\t\t<\/div>\n\t\t<\/section>\n\t\t\t\t<section class=\"elementor-section elementor-top-section elementor-element elementor-element-500d5fa elementor-section-boxed elementor-section-height-default elementor-section-height-default\" data-id=\"500d5fa\" data-element_type=\"section\" data-settings=\"{&quot;_ha_eqh_enable&quot;:false}\">\n\t\t\t\t\t\t<div class=\"elementor-container elementor-column-gap-default\">\n\t\t\t\t\t<div class=\"elementor-column elementor-col-100 elementor-top-column elementor-element elementor-element-8df7c77\" data-id=\"8df7c77\" data-element_type=\"column\">\n\t\t\t<div class=\"elementor-widget-wrap elementor-element-populated\">\n\t\t\t\t\t\t\t\t<div class=\"elementor-element elementor-element-c73130a elementor-widget__width-initial elementor-widget elementor-widget-text-editor\" data-id=\"c73130a\" data-element_type=\"widget\" data-widget_type=\"text-editor.default\">\n\t\t\t\t<div class=\"elementor-widget-container\">\n\t\t\t\t\t\t\t<p>Les interventions sont gratuites, il est toutefois propos\u00e9 aux chasseurs b\u00e9n\u00e9ficiaires de souscrire une adh\u00e9sion \u00e0 l&#8217;AMRS en tant que membre bienfaiteur. Cette adh\u00e9sion est actuellement de 20 \u20ac. L&#8217;AMRS ne poursuivant aucun but lucratif, les sommes ainsi collect\u00e9es sont imm\u00e9diatement r\u00e9investies dans du mat\u00e9riel de recherche sp\u00e9cifique au profit direct des \u00e9quipages, ainsi que du mat\u00e9riel p\u00e9dagogique destin\u00e9 \u00e0 l&#8217;information des chasseurs. Tous les dons sont les bienvenus car ils contribuent aussi \u00e0 la promotion de la recherche au sang.<\/p>\t\t\t\t\t\t<\/div>\n\t\t\t\t<\/div>\n\t\t\t\t\t<\/div>\n\t\t<\/div>\n\t\t\t\t\t\t\t<\/div>\n\t\t<\/section>\n\t\t\t\t<section class=\"elementor-section elementor-top-section elementor-element elementor-element-b66d6d5 elementor-section-boxed elementor-section-height-default elementor-section-height-default\" data-id=\"b66d6d5\" data-element_type=\"section\" data-settings=\"{&quot;_ha_eqh_enable&quot;:false}\">\n\t\t\t\t\t\t<div class=\"elementor-container elementor-column-gap-default\">\n\t\t\t\t\t<div class=\"elementor-column elementor-col-33 elementor-top-column elementor-element elementor-element-fd70cb2\" data-id=\"fd70cb2\" data-element_type=\"column\">\n\t\t\t<div class=\"elementor-widget-wrap elementor-element-populated\">\n\t\t\t\t\t\t\t\t<div class=\"elementor-element elementor-element-31167a9 elementor-widget elementor-widget-image\" data-id=\"31167a9\" data-element_type=\"widget\" data-widget_type=\"image.default\">\n\t\t\t\t<div class=\"elementor-widget-container\">\n\t\t\t<style>\/*! elementor - v3.16.0 - 13-09-2023 *\/\n.elementor-widget-image{text-align:center}.elementor-widget-image a{display:inline-block}.elementor-widget-image a img[src$=\".svg\"]{width:48px}.elementor-widget-image img{vertical-align:middle;display:inline-block}<\/style>\t\t\t\t\t\t\t\t\t\t\t\t<img loading=\"lazy\" decoding=\"async\" width=\"123\" height=\"300\" src=\"https:\/\/munchausen.fr\/propositions\/AMRS\/wp-content\/uploads\/2020\/10\/pattern-v-1-123x300.png\" class=\"attachment-medium size-medium wp-image-145\" alt=\"\" srcset=\"https:\/\/munchausen.fr\/propositions\/AMRS\/wp-content\/uploads\/2020\/10\/pattern-v-1-123x300.png 123w, https:\/\/munchausen.fr\/propositions\/AMRS\/wp-content\/uploads\/2020\/10\/pattern-v-1.png 200w\" sizes=\"auto, (max-width: 123px) 100vw, 123px\" \/>\t\t\t\t\t\t\t\t\t\t\t\t\t\t\t<\/div>\n\t\t\t\t<\/div>\n\t\t\t\t\t<\/div>\n\t\t<\/div>\n\t\t\t\t<div class=\"elementor-column elementor-col-66 elementor-top-column elementor-element elementor-element-866a5f3\" data-id=\"866a5f3\" data-element_type=\"column\">\n\t\t\t<div class=\"elementor-widget-wrap elementor-element-populated\">\n\t\t\t\t\t\t\t\t<div class=\"elementor-element elementor-element-673cd98 elementor-widget elementor-widget-image\" data-id=\"673cd98\" data-element_type=\"widget\" data-widget_type=\"image.default\">\n\t\t\t\t<div class=\"elementor-widget-container\">\n\t\t\t\t\t\t\t\t\t\t\t\t\t\t\t<img loading=\"lazy\" decoding=\"async\" width=\"1024\" height=\"683\" src=\"https:\/\/munchausen.fr\/propositions\/AMRS\/wp-content\/uploads\/2024\/09\/IMG_E0029-1024x683.jpg\" class=\"attachment-large size-large wp-image-25488\" alt=\"\" srcset=\"https:\/\/munchausen.fr\/propositions\/AMRS\/wp-content\/uploads\/2024\/09\/IMG_E0029-1024x683.jpg 1024w, https:\/\/munchausen.fr\/propositions\/AMRS\/wp-content\/uploads\/2024\/09\/IMG_E0029-300x200.jpg 300w, https:\/\/munchausen.fr\/propositions\/AMRS\/wp-content\/uploads\/2024\/09\/IMG_E0029-768x512.jpg 768w, https:\/\/munchausen.fr\/propositions\/AMRS\/wp-content\/uploads\/2024\/09\/IMG_E0029-1536x1024.jpg 1536w, https:\/\/munchausen.fr\/propositions\/AMRS\/wp-content\/uploads\/2024\/09\/IMG_E0029-2048x1365.jpg 2048w\" sizes=\"auto, (max-width: 1024px) 100vw, 1024px\" \/>\t\t\t\t\t\t\t\t\t\t\t\t\t\t\t<\/div>\n\t\t\t\t<\/div>\n\t\t\t\t\t<\/div>\n\t\t<\/div>\n\t\t\t\t\t\t\t<\/div>\n\t\t<\/section>\n\t\t\t\t<section class=\"elementor-section elementor-top-section elementor-element elementor-element-286d214 elementor-section-boxed elementor-section-height-default elementor-section-height-default\" data-id=\"286d214\" data-element_type=\"section\" data-settings=\"{&quot;_ha_eqh_enable&quot;:false}\">\n\t\t\t\t\t\t<div class=\"elementor-container elementor-column-gap-default\">\n\t\t\t\t\t<div class=\"elementor-column elementor-col-100 elementor-top-column elementor-element elementor-element-5e6278f\" data-id=\"5e6278f\" data-element_type=\"column\">\n\t\t\t<div class=\"elementor-widget-wrap elementor-element-populated\">\n\t\t\t\t\t\t\t\t<div class=\"elementor-element elementor-element-f5a7bc5 elementor-widget elementor-widget-text-editor\" data-id=\"f5a7bc5\" data-element_type=\"widget\" data-widget_type=\"text-editor.default\">\n\t\t\t\t<div class=\"elementor-widget-container\">\n\t\t\t\t\t\t\t<p>A ce titre, l&#8217;AMRS organise annuellement des Anschusseminar, \u00e9tude de l&#8217;anschuss (endroit o\u00f9 se trouvait le gibier au moment du tir) essentiellement sur son site de formation de Morhange, o\u00f9 les comportements du chasseur et les r\u00e9actions du gibier sont \u00e9tudi\u00e9s avec minutie. Cette formation th\u00e9orique est alors compl\u00e9t\u00e9e par une formation pratique : recherches d&#8217;indices apr\u00e8s blessure d&#8217;un animal et d\u00e9monstration de la dangerosit\u00e9 des projectiles de chasse. Puis \u00e9galement, formation et perfectionnement des conducteurs et de leurs chiens.<\/p>\t\t\t\t\t\t<\/div>\n\t\t\t\t<\/div>\n\t\t\t\t\t<\/div>\n\t\t<\/div>\n\t\t\t\t\t\t\t<\/div>\n\t\t<\/section>\n\t\t\t\t<section class=\"elementor-section elementor-top-section elementor-element elementor-element-a769f22 elementor-section-boxed elementor-section-height-default elementor-section-height-default\" data-id=\"a769f22\" data-element_type=\"section\" data-settings=\"{&quot;_ha_eqh_enable&quot;:false}\">\n\t\t\t\t\t\t<div class=\"elementor-container elementor-column-gap-default\">\n\t\t\t\t\t<div class=\"elementor-column elementor-col-100 elementor-top-column elementor-element elementor-element-ef5de3a\" data-id=\"ef5de3a\" data-element_type=\"column\">\n\t\t\t<div class=\"elementor-widget-wrap elementor-element-populated\">\n\t\t\t\t\t\t\t\t<div class=\"elementor-element elementor-element-68e77b6 elementor-widget elementor-widget-text-editor\" data-id=\"68e77b6\" data-element_type=\"widget\" data-widget_type=\"text-editor.default\">\n\t\t\t\t<div class=\"elementor-widget-container\">\n\t\t\t\t\t\t\t<p>Parmi les races de chiens utilis\u00e9es par les conducteurs mosellans, on retrouve essentiellement le Rouge de Bavi\u00e8res, le Rouge de Hanovre, le Teckel, le Basset Fauve de Bretagne, le Labrador et le Jagd Terrier. Cette liste n&#8217;est pas exhaustive, car tout chien de chasse \u00e9duqu\u00e9 \u00e0 travailler les voies froides est normalement utilisable dans cette discipline.<\/p><p>La formation des chiens est longue et demande un investissement \u00ab temps \u00bb consid\u00e9rable.<\/p><p>Il faut ensuite savoir les pr\u00e9server des risques du m\u00e9tier&#8230;<\/p>\t\t\t\t\t\t<\/div>\n\t\t\t\t<\/div>\n\t\t\t\t\t<\/div>\n\t\t<\/div>\n\t\t\t\t\t\t\t<\/div>\n\t\t<\/section>\n\t\t\t\t\t\t\t<\/div>\n\t\t","protected":false},"excerpt":{"rendered":"<p>Pr\u00e9sentation Cr\u00e9\u00e9e en 2009, l&#8217;Association Mosellane de Recherche au Sang (inscrite au T.G.I. de Metz, le 09\/01\/2009) est une association de type 1908 (droit local) dont le but premier est &hellip;<\/p>\n<p class=\"read-more\"> <a class=\"\" href=\"https:\/\/munchausen.fr\/propositions\/AMRS\/presentation\/\"> <span class=\"screen-reader-text\">Pr\u00e9sentation<\/span> Lire la suite\u00a0\u00bb<\/a><\/p>\n","protected":false},"author":1,"featured_media":0,"parent":0,"menu_order":0,"comment_status":"closed","ping_status":"closed","template":"","meta":{"site-sidebar-layout":"no-sidebar","site-content-layout":"page-builder","ast-site-content-layout":"","site-content-style":"default","site-sidebar-style":"default","ast-global-header-display":"","ast-banner-title-visibility":"","ast-main-header-display":"","ast-hfb-above-header-display":"","ast-hfb-below-header-display":"","ast-hfb-mobile-header-display":"","site-post-title":"disabled","ast-breadcrumbs-content":"","ast-featured-img":"disabled","footer-sml-layout":"","theme-transparent-header-meta":"default","adv-header-id-meta":"","stick-header-meta":"","header-above-stick-meta":"","header-main-stick-meta":"","header-below-stick-meta":"","astra-migrate-meta-layouts":"","footnotes":""},"class_list":["post-24254","page","type-page","status-publish","hentry"],"_links":{"self":[{"href":"https:\/\/munchausen.fr\/propositions\/AMRS\/wp-json\/wp\/v2\/pages\/24254","targetHints":{"allow":["GET"]}}],"collection":[{"href":"https:\/\/munchausen.fr\/propositions\/AMRS\/wp-json\/wp\/v2\/pages"}],"about":[{"href":"https:\/\/munchausen.fr\/propositions\/AMRS\/wp-json\/wp\/v2\/types\/page"}],"author":[{"embeddable":true,"href":"https:\/\/munchausen.fr\/propositions\/AMRS\/wp-json\/wp\/v2\/users\/1"}],"replies":[{"embeddable":true,"href":"https:\/\/munchausen.fr\/propositions\/AMRS\/wp-json\/wp\/v2\/comments?post=24254"}],"version-history":[{"count":33,"href":"https:\/\/munchausen.fr\/propositions\/AMRS\/wp-json\/wp\/v2\/pages\/24254\/revisions"}],"predecessor-version":[{"id":25491,"href":"https:\/\/munchausen.fr\/propositions\/AMRS\/wp-json\/wp\/v2\/pages\/24254\/revisions\/25491"}],"wp:attachment":[{"href":"https:\/\/munchausen.fr\/propositions\/AMRS\/wp-json\/wp\/v2\/media?parent=24254"}],"curies":[{"name":"wp","href":"https:\/\/api.w.org\/{rel}","templated":true}]}}